{"id":2,"date":"2021-06-08T10:59:30","date_gmt":"2021-06-08T10:59:30","guid":{"rendered":"https:\/\/vlh.mx\/english\/?page_id=2"},"modified":"2024-07-30T00:24:48","modified_gmt":"2024-07-30T00:24:48","slug":"terms-and-conditions","status":"publish","type":"page","link":"https:\/\/vlh.mx\/english\/terms-and-conditions\/","title":{"rendered":"Terms and Conditions"},"content":{"rendered":"\t\t<div data-elementor-type=\"wp-page\" data-elementor-id=\"2\" class=\"elementor elementor-2\" data-elementor-post-type=\"page\">\n\t\t\t\t\t\t<section class=\"elementor-section elementor-top-section elementor-element elementor-element-dd7f0ba elementor-section-boxed elementor-section-height-default elementor-section-height-default rt-parallax-bg-no\" data-id=\"dd7f0ba\" data-element_type=\"section\">\n\t\t\t\t\t\t<div class=\"elementor-container elementor-column-gap-default\">\n\t\t\t\t\t<div class=\"elementor-column elementor-col-100 elementor-top-column elementor-element elementor-element-5435101\" data-id=\"5435101\" data-element_type=\"column\">\n\t\t\t<div class=\"elementor-widget-wrap elementor-element-populated\">\n\t\t\t\t\t\t<div class=\"elementor-element elementor-element-a433407 elementor-widget elementor-widget-heading\" data-id=\"a433407\" data-element_type=\"widget\" data-widget_type=\"heading.default\">\n\t\t\t\t<div class=\"elementor-widget-container\">\n\t\t\t\t\t<h1 class=\"elementor-heading-title elementor-size-default\">T\u00e9rminos y Condiciones<\/h1>\t\t\t\t<\/div>\n\t\t\t\t<\/div>\n\t\t\t\t\t<\/div>\n\t\t<\/div>\n\t\t\t\t\t<\/div>\n\t\t<\/section>\n\t\t\t\t<section class=\"elementor-section elementor-top-section elementor-element elementor-element-60db2e57 elementor-section-boxed elementor-section-height-default elementor-section-height-default rt-parallax-bg-no\" data-id=\"60db2e57\" data-element_type=\"section\">\n\t\t\t\t\t\t<div class=\"elementor-container elementor-column-gap-default\">\n\t\t\t\t\t<div class=\"elementor-column elementor-col-100 elementor-top-column elementor-element elementor-element-60bd0b71\" data-id=\"60bd0b71\" data-element_type=\"column\">\n\t\t\t<div class=\"elementor-widget-wrap elementor-element-populated\">\n\t\t\t\t\t\t<div class=\"elementor-element elementor-element-49eba92c elementor-widget elementor-widget-text-editor\" data-id=\"49eba92c\" data-element_type=\"widget\" data-widget_type=\"text-editor.default\">\n\t\t\t\t<div class=\"elementor-widget-container\">\n\t\t\t\t\t\t\t\t\t\n<p>Las presentes condiciones generales de uso de la p\u00e1gina web, regulan los t\u00e9rminos y condiciones de\u00a0acceso y uso de\u00a0vlh.mx\/english\u00a0propiedad de\u00a0<b>VLH HERNANDEZ WEBER SC<\/b>, con domicilio en\u00a0Durango 263, Colonia Roma Norte, Del. Cuauht\u00e9moc, CP 06700, Ciudad de M\u00e9xico, que el usuario de \u00e9ste portal web\u00a0deber\u00e1 de leer y aceptar para usar todos los servicios e informaci\u00f3n\u00a0que se facilitan desde \u00e9ste portal.\u202fEl mero acceso y\/o utilizaci\u00f3n del portal, de todos o parte de sus contenidos y\/o servicios significa la plena aceptaci\u00f3n de las presentes condiciones generales de uso.\u202f<span data-ccp-props=\"{&quot;134233117&quot;:true,&quot;134233118&quot;:true,&quot;201341983&quot;:0,&quot;335551550&quot;:6,&quot;335551620&quot;:6,&quot;335559739&quot;:195,&quot;335559740&quot;:240}\">\u00a0<\/span><\/p>\n<p><b>Condiciones de uso<\/b><span data-ccp-props=\"{&quot;134233117&quot;:true,&quot;134233118&quot;:true,&quot;201341983&quot;:0,&quot;335551550&quot;:6,&quot;335551620&quot;:6,&quot;335559739&quot;:195,&quot;335559740&quot;:240}\">\u00a0<\/span><\/p>\n<p>Las presentes condiciones generales de uso del portal regulan el acceso y la utilizaci\u00f3n del portal, incluyendo los contenidos y los servicios puestos a disposici\u00f3n de los usuarios en y\/o a trav\u00e9s del portal, bien por el portal, bien por sus usuarios, bien por terceros. No obstante, el acceso y la utilizaci\u00f3n de ciertos\u00a0contenidos y\/o servicios pueden\u00a0encontrarse sometidos\u00a0a determinadas condiciones espec\u00edficas, as\u00ed como estar protegido el contenido bajo leyes espec\u00edficas en materia de propiedad intelectual.<span data-ccp-props=\"{&quot;134233117&quot;:true,&quot;134233118&quot;:true,&quot;201341983&quot;:0,&quot;335551550&quot;:6,&quot;335551620&quot;:6,&quot;335559739&quot;:195,&quot;335559740&quot;:240}\">\u00a0<\/span><\/p>\n<p><b>Modificaciones<\/b><span data-ccp-props=\"{&quot;134233117&quot;:true,&quot;134233118&quot;:true,&quot;201341983&quot;:0,&quot;335551550&quot;:6,&quot;335551620&quot;:6,&quot;335559739&quot;:195,&quot;335559740&quot;:240}\">\u00a0<\/span><\/p>\n<p>La empresa se reserva la facultad de modificar en cualquier momento los presentes t\u00e9rminos\u00a0y\u00a0condiciones de uso del portal. En todo caso, se recomienda que consulte peri\u00f3dicamente los presentes\u202ft\u00e9rminos de uso del portal, ya que pueden ser modificados.<span data-ccp-props=\"{&quot;134233117&quot;:true,&quot;134233118&quot;:true,&quot;201341983&quot;:0,&quot;335551550&quot;:6,&quot;335551620&quot;:6,&quot;335559739&quot;:195,&quot;335559740&quot;:240}\">\u00a0<\/span><\/p>\n<p><b>Obligaciones del Usuario<\/b><span data-ccp-props=\"{&quot;134233117&quot;:true,&quot;134233118&quot;:true,&quot;201341983&quot;:0,&quot;335551550&quot;:6,&quot;335551620&quot;:6,&quot;335559739&quot;:195,&quot;335559740&quot;:240}\">\u00a0<\/span><\/p>\n<p>El usuario deber\u00e1 respetar en todo momento los t\u00e9rminos y condiciones establecidos en las presentes condiciones generales de uso del portal. De forma expresa el usuario manifiesta que utilizar\u00e1 el portal de forma diligente y asumiendo cualquier responsabilidad\u00a0civil, penal, administrativo y\/o de cualquier otra \u00edndole legal\u00a0que pudiera derivarse del incumplimiento de las normas\u00a0y de la violaci\u00f3n de los derechos registrados del dise\u00f1o y contenido que se encuentra en el presente portal.<span data-ccp-props=\"{&quot;134233117&quot;:true,&quot;134233118&quot;:true,&quot;201341983&quot;:0,&quot;335551550&quot;:6,&quot;335551620&quot;:6,&quot;335559739&quot;:195,&quot;335559740&quot;:240}\">\u00a0<\/span><\/p>\n<p>As\u00ed mismo, el usuario no podr\u00e1 utilizar el portal para transmitir, almacenar, divulgar promover o distribuir datos o contenidos que sean portadores de virus o cualquier otro c\u00f3digo inform\u00e1tico, archivos o programas dise\u00f1ados para interrumpir, destruir o perjudicar el funcionamiento de cualquier programa o equipo inform\u00e1tico o de telecomunicaciones.<span data-ccp-props=\"{&quot;134233117&quot;:true,&quot;134233118&quot;:true,&quot;201341983&quot;:0,&quot;335551550&quot;:6,&quot;335551620&quot;:6,&quot;335559739&quot;:195,&quot;335559740&quot;:240}\">\u00a0<\/span><\/p>\n<p><b>Responsabilidad del portal<\/b><span data-ccp-props=\"{&quot;134233117&quot;:true,&quot;134233118&quot;:true,&quot;201341983&quot;:0,&quot;335551550&quot;:6,&quot;335551620&quot;:6,&quot;335559739&quot;:195,&quot;335559740&quot;:240}\">\u00a0<\/span><\/p>\n<p>El usuario conoce y acepta que el portal no otorga ninguna garant\u00eda de cualquier naturaleza, ya sea expresa o impl\u00edcita, sobre los datos, contenidos, informaci\u00f3n y servicios que se\u00a0incorporan y ofrecen desde el portal.<span data-ccp-props=\"{&quot;134233117&quot;:true,&quot;134233118&quot;:true,&quot;201341983&quot;:0,&quot;335551550&quot;:6,&quot;335551620&quot;:6,&quot;335559739&quot;:195,&quot;335559740&quot;:240}\">\u00a0<\/span><\/p>\n<p>Exceptuando los casos que la Ley imponga expresamente lo contrario, y exclusivamente con la medida y extensi\u00f3n en que lo imponga, el Portal no garantiza ni asume responsabilidad alguna respecto a los posibles da\u00f1os y perjuicios causados por el uso y utilizaci\u00f3n de la informaci\u00f3n, datos y servicios del portal.<span data-ccp-props=\"{&quot;134233117&quot;:true,&quot;134233118&quot;:true,&quot;201341983&quot;:0,&quot;335551550&quot;:6,&quot;335551620&quot;:6,&quot;335559739&quot;:195,&quot;335559740&quot;:240}\">\u00a0<\/span><\/p>\n<p>En todo caso, el portal excluye cualquier responsabilidad por los da\u00f1os y perjuicios que puedan deberse a la informaci\u00f3n y\/o servicios prestados o suministrados por terceros\u00a0diferentes de la Empresa. Toda responsabilidad ser\u00e1 del tercero ya sea proveedor o\u202fcolaborador.<span data-ccp-props=\"{&quot;134233117&quot;:true,&quot;134233118&quot;:true,&quot;201341983&quot;:0,&quot;335551550&quot;:6,&quot;335551620&quot;:6,&quot;335559739&quot;:195,&quot;335559740&quot;:240}\">\u00a0<\/span><\/p>\n<p><b>Propiedad intelectual e industrial<\/b><span data-ccp-props=\"{&quot;134233117&quot;:true,&quot;134233118&quot;:true,&quot;201341983&quot;:0,&quot;335551550&quot;:6,&quot;335551620&quot;:6,&quot;335559739&quot;:195,&quot;335559740&quot;:240}\">\u00a0<\/span><\/p>\n<p>Todos los contenidos, marcas, logos, dibujos, documentaci\u00f3n, programas inform\u00e1ticos o cualquier otro elemento susceptible de protecci\u00f3n por la legislaci\u00f3n de propiedad intelectual, ya sean derechos de autor\u00a0o\u00a0propiedad\u00a0industrial, que sean accesibles en el portal corresponden exclusivamente a\u00a0<b>VLH HERNANDEZ WEBER SC<\/b>\u00a0o a sus leg\u00edtimos titulares y quedan\u00a0<b>expresamente reservados todos los derechos sobre los mismos<\/b>.\u00a0<span data-ccp-props=\"{&quot;134233117&quot;:true,&quot;134233118&quot;:true,&quot;201341983&quot;:0,&quot;335551550&quot;:6,&quot;335551620&quot;:6,&quot;335559739&quot;:195,&quot;335559740&quot;:240}\">\u00a0<\/span><\/p>\n<p>En cualquier caso, el portal se reserva todos los derechos sobre los contenidos, informaci\u00f3n datos y servicios que ostente sobre los mismos. El portal no concede ninguna licencia o autorizaci\u00f3n de uso al usuario sobre sus contenidos, datos o servicios, distinta de la que expresamente se detalle en las presentes condiciones generales de uso del portal.<span data-ccp-props=\"{&quot;134233117&quot;:true,&quot;134233118&quot;:true,&quot;201341983&quot;:0,&quot;335551550&quot;:6,&quot;335551620&quot;:6,&quot;335559739&quot;:195,&quot;335559740&quot;:240}\">\u00a0<\/span><\/p>\n<p><b>Legislaci\u00f3n aplicable, jurisdicci\u00f3n competente y notificaciones<\/b><span data-ccp-props=\"{&quot;134233117&quot;:true,&quot;134233118&quot;:true,&quot;201341983&quot;:0,&quot;335551550&quot;:6,&quot;335551620&quot;:6,&quot;335559739&quot;:195,&quot;335559740&quot;:240}\">\u00a0<\/span><\/p>\n<p>Los presentes\u00a0t\u00e9rminos y\u00a0condiciones se rigen y se interpretan de acuerdo con las Leyes\u00a0de los Estados Unidos Mexicanos. Para cualquier reclamaci\u00f3n ser\u00e1n competentes los juzgados y tribunales de\u00a0la Ciudad de M\u00e9xico. Todas las notificaciones, requerimientos, peticiones\u00a0y otras comunicaciones que el usuario desee efectuar a\u00a0<b>VLH HERNANDEZ WEBER SC<\/b><b>,<\/b>\u00a0titular del portal deber\u00e1n realizarse por escrito y se entender\u00e1 que han sido correctamente realizadas cuando hayan sido recibidas en la siguiente direcci\u00f3n\u00a0Durango 263, Colonia Roma Norte, Del. Cuauht\u00e9moc, CP 06700, Ciudad de M\u00e9xico.<\/p>\n\t\t\t\t\t\t\t\t<\/div>\n\t\t\t\t<\/div>\n\t\t\t\t\t<\/div>\n\t\t<\/div>\n\t\t\t\t\t<\/div>\n\t\t<\/section>\n\t\t\t\t<\/div>\n\t\t","protected":false},"excerpt":{"rendered":"<p>T\u00e9rminos y Condiciones Las presentes condiciones generales de uso de la p\u00e1gina web, regulan los t\u00e9rminos y condiciones de\u00a0acceso y uso de\u00a0vlh.mx\/english\u00a0propiedad de\u00a0VLH HERNANDEZ WEBER SC, con domicilio en\u00a0Durango 263, Colonia Roma Norte, Del. Cuauht\u00e9moc, CP 06700, Ciudad de M\u00e9xico, que el usuario de \u00e9ste portal web\u00a0deber\u00e1 de leer y aceptar para usar todos los [&hellip;]<\/p>\n","protected":false},"author":1,"featured_media":0,"parent":0,"menu_order":0,"comment_status":"closed","ping_status":"closed","template":"","meta":{"_joinchat":[],"footnotes":""},"class_list":["post-2","page","type-page","status-publish","hentry"],"_links":{"self":[{"href":"https:\/\/vlh.mx\/english\/wp-json\/wp\/v2\/pages\/2","targetHints":{"allow":["GET"]}}],"collection":[{"href":"https:\/\/vlh.mx\/english\/wp-json\/wp\/v2\/pages"}],"about":[{"href":"https:\/\/vlh.mx\/english\/wp-json\/wp\/v2\/types\/page"}],"author":[{"embeddable":true,"href":"https:\/\/vlh.mx\/english\/wp-json\/wp\/v2\/users\/1"}],"replies":[{"embeddable":true,"href":"https:\/\/vlh.mx\/english\/wp-json\/wp\/v2\/comments?post=2"}],"version-history":[{"count":8,"href":"https:\/\/vlh.mx\/english\/wp-json\/wp\/v2\/pages\/2\/revisions"}],"predecessor-version":[{"id":8183,"href":"https:\/\/vlh.mx\/english\/wp-json\/wp\/v2\/pages\/2\/revisions\/8183"}],"wp:attachment":[{"href":"https:\/\/vlh.mx\/english\/wp-json\/wp\/v2\/media?parent=2"}],"curies":[{"name":"wp","href":"https:\/\/api.w.org\/{rel}","templated":true}]}}