{"id":3,"date":"2021-06-08T10:59:30","date_gmt":"2021-06-08T10:59:30","guid":{"rendered":"https:\/\/vlh.mx\/english\/?page_id=3"},"modified":"2024-07-30T00:24:58","modified_gmt":"2024-07-30T00:24:58","slug":"privacy-notice","status":"publish","type":"page","link":"https:\/\/vlh.mx\/english\/privacy-notice\/","title":{"rendered":"Privacy Notice"},"content":{"rendered":"\t\t<div data-elementor-type=\"wp-page\" data-elementor-id=\"3\" class=\"elementor elementor-3\" data-elementor-post-type=\"page\">\n\t\t\t\t\t\t<section class=\"elementor-section elementor-top-section elementor-element elementor-element-3701bad elementor-section-boxed elementor-section-height-default elementor-section-height-default rt-parallax-bg-no\" data-id=\"3701bad\" data-element_type=\"section\">\n\t\t\t\t\t\t<div class=\"elementor-container elementor-column-gap-default\">\n\t\t\t\t\t<div class=\"elementor-column elementor-col-100 elementor-top-column elementor-element elementor-element-b5bd1f5\" data-id=\"b5bd1f5\" data-element_type=\"column\">\n\t\t\t<div class=\"elementor-widget-wrap elementor-element-populated\">\n\t\t\t\t\t\t<div class=\"elementor-element elementor-element-ade517f elementor-widget elementor-widget-heading\" data-id=\"ade517f\" data-element_type=\"widget\" data-widget_type=\"heading.default\">\n\t\t\t\t<div class=\"elementor-widget-container\">\n\t\t\t\t\t<h1 class=\"elementor-heading-title elementor-size-default\">Aviso de Privacidad<\/h1>\t\t\t\t<\/div>\n\t\t\t\t<\/div>\n\t\t\t\t\t<\/div>\n\t\t<\/div>\n\t\t\t\t\t<\/div>\n\t\t<\/section>\n\t\t\t\t<section class=\"elementor-section elementor-top-section elementor-element elementor-element-659d7fb4 elementor-section-boxed elementor-section-height-default elementor-section-height-default rt-parallax-bg-no\" data-id=\"659d7fb4\" data-element_type=\"section\">\n\t\t\t\t\t\t<div class=\"elementor-container elementor-column-gap-default\">\n\t\t\t\t\t<div class=\"elementor-column elementor-col-100 elementor-top-column elementor-element elementor-element-5741d962\" data-id=\"5741d962\" data-element_type=\"column\">\n\t\t\t<div class=\"elementor-widget-wrap elementor-element-populated\">\n\t\t\t\t\t\t<div class=\"elementor-element elementor-element-665fdc75 elementor-widget elementor-widget-text-editor\" data-id=\"665fdc75\" data-element_type=\"widget\" data-widget_type=\"text-editor.default\">\n\t\t\t\t<div class=\"elementor-widget-container\">\n\t\t\t\t\t\t\t\t\t\n<p><b>VLH HERNANDEZ WEBER SC<\/b>\u00a0\u00a0es responsable del tratamiento de los datos personales recabados en este sitio web y suscribe el presente aviso de privacidad en cumplimiento con la Ley Federal de Protecci\u00f3n de Datos Personales en Posesi\u00f3n de los Particulares. Los datos personales que usted nos ha proporcionado directamente o a trav\u00e9s de medios electr\u00f3nicos han sido recabados y ser\u00e1n tratados por\u00a0<b>VLH HERNANDEZ WEBER SC<\/b>\u00a0bajo los principios de licitud, consentimiento, informaci\u00f3n, calidad, finalidad, lealtad, proporcionalidad y responsabilidad, de conformidad con lo dispuesto por la Ley. Los datos personales proporcionados a\u00a0<b>VLH HERNANDEZ WEBER SC<\/b>, se encontrar\u00e1n debidamente protegidos a trav\u00e9s de medidas de seguridad tecnol\u00f3gica, f\u00edsica y administrativa, previniendo el uso o divulgaci\u00f3n indebida de los mismos.\u00a0<span data-ccp-props=\"{&quot;201341983&quot;:0,&quot;335551550&quot;:6,&quot;335551620&quot;:6,&quot;335559739&quot;:384,&quot;335559740&quot;:240}\">\u00a0<\/span><\/p>\n<p><b>\u00bfPara\u00a0<\/b><b>qu\u00e9<\/b><b>\u00a0fines recabamos y utilizamos sus datos personales?<\/b><span data-ccp-props=\"{&quot;201341983&quot;:0,&quot;335551550&quot;:6,&quot;335551620&quot;:6,&quot;335559739&quot;:160,&quot;335559740&quot;:240}\">\u00a0<\/span><\/p>\n<p>La informaci\u00f3n que nos proporciona es utilizada por nuestro Departamento de Ventas, para poder realizar cotizaciones en base a los requerimientos de su proyecto y env\u00edo de informaci\u00f3n promocional y educativa.<span data-ccp-props=\"{&quot;201341983&quot;:0,&quot;335551550&quot;:6,&quot;335551620&quot;:6,&quot;335559739&quot;:384,&quot;335559740&quot;:240}\">\u00a0<\/span><\/p>\n<p>Adicionalmente sus datos personales pueden ser utilizados para las siguientes finalidades:<span data-ccp-props=\"{&quot;201341983&quot;:0,&quot;335551550&quot;:6,&quot;335551620&quot;:6,&quot;335559739&quot;:384,&quot;335559740&quot;:240}\">\u00a0<\/span><\/p>\n<ul>\n<li data-leveltext=\"\uf0b7\" data-font=\"Symbol\" data-listid=\"1\" aria-setsize=\"-1\" data-aria-posinset=\"1\" data-aria-level=\"1\">Dar seguimiento a solicitudes de informaci\u00f3n sobre los servicios y\/o productos que nuestra empresa oferta por medio de nuestro sitio web.<span data-ccp-props=\"{&quot;201341983&quot;:0,&quot;335551550&quot;:6,&quot;335551620&quot;:6,&quot;335559739&quot;:160,&quot;335559740&quot;:240}\">\u00a0<\/span><\/li>\n<li data-leveltext=\"\uf0b7\" data-font=\"Symbol\" data-listid=\"1\" aria-setsize=\"-1\" data-aria-posinset=\"2\" data-aria-level=\"1\">Realizar cotizaciones y enviarle propuestas de trabajo en base a la informaci\u00f3n que nos proporciona mediante los formularios del sitio web.<span data-ccp-props=\"{&quot;201341983&quot;:0,&quot;335551550&quot;:6,&quot;335551620&quot;:6,&quot;335559739&quot;:160,&quot;335559740&quot;:240}\">\u00a0<\/span><\/li>\n<li data-leveltext=\"\uf0b7\" data-font=\"Symbol\" data-listid=\"1\" aria-setsize=\"-1\" data-aria-posinset=\"3\" data-aria-level=\"1\">Dar avisos urgentes o importantes sobre alg\u00fan tema relacionado con nuestro sitio web, servicios y\/o productos contratados con nuestra empresa<span data-ccp-props=\"{&quot;201341983&quot;:0,&quot;335551550&quot;:6,&quot;335551620&quot;:6,&quot;335559739&quot;:160,&quot;335559740&quot;:240}\">\u00a0<\/span><\/li>\n<li data-leveltext=\"\uf0b7\" data-font=\"Symbol\" data-listid=\"1\" aria-setsize=\"-1\" data-aria-posinset=\"4\" data-aria-level=\"1\">Proveer informaci\u00f3n sobre el estado actual de nuestra empresa.<span data-ccp-props=\"{&quot;201341983&quot;:0,&quot;335551550&quot;:6,&quot;335551620&quot;:6,&quot;335559739&quot;:160,&quot;335559740&quot;:240}\">\u00a0<\/span><\/li>\n<\/ul>\n<ul>\n<li data-leveltext=\"\uf0b7\" data-font=\"Symbol\" data-listid=\"1\" aria-setsize=\"-1\" data-aria-posinset=\"1\" data-aria-level=\"1\">Realizar los servicios y\/o entregar los productos que usted contrato con nuestra empresa.<span data-ccp-props=\"{&quot;201341983&quot;:0,&quot;335551550&quot;:6,&quot;335551620&quot;:6,&quot;335559739&quot;:160,&quot;335559740&quot;:240}\">\u00a0<\/span><\/li>\n<li data-leveltext=\"\uf0b7\" data-font=\"Symbol\" data-listid=\"1\" aria-setsize=\"-1\" data-aria-posinset=\"2\" data-aria-level=\"1\">Informar sobre cambios y nuevos productos y\/o servicios que est\u00e9n relacionados con el\/los contratado(s) o adquirido(s) por el cliente.<span data-ccp-props=\"{&quot;201341983&quot;:0,&quot;335551550&quot;:6,&quot;335551620&quot;:6,&quot;335559739&quot;:160,&quot;335559740&quot;:240}\">\u00a0<\/span><\/li>\n<li data-leveltext=\"\uf0b7\" data-font=\"Symbol\" data-listid=\"1\" aria-setsize=\"-1\" data-aria-posinset=\"3\" data-aria-level=\"1\">Dar cumplimiento a obligaciones contra\u00eddas con nuestros clientes.<span data-ccp-props=\"{&quot;201341983&quot;:0,&quot;335551550&quot;:6,&quot;335551620&quot;:6,&quot;335559739&quot;:160,&quot;335559740&quot;:240}\">\u00a0<\/span><\/li>\n<li data-leveltext=\"\uf0b7\" data-font=\"Symbol\" data-listid=\"1\" aria-setsize=\"-1\" data-aria-posinset=\"4\" data-aria-level=\"1\">Evaluar la calidad del servicio, y realizar estudios internos sobre h\u00e1bitos de consumo.<span data-ccp-props=\"{&quot;201341983&quot;:0,&quot;335551550&quot;:6,&quot;335551620&quot;:6,&quot;335559739&quot;:160,&quot;335559740&quot;:240}\">\u00a0<\/span><\/li>\n<li data-leveltext=\"\uf0b7\" data-font=\"Symbol\" data-listid=\"1\" aria-setsize=\"-1\" data-aria-posinset=\"5\" data-aria-level=\"1\">Envi\u00f3 de promociones por correo electr\u00f3nico en diferentes periodos.<span data-ccp-props=\"{&quot;201341983&quot;:0,&quot;335551550&quot;:6,&quot;335551620&quot;:6,&quot;335559739&quot;:160,&quot;335559740&quot;:240}\">\u00a0<\/span><\/li>\n<\/ul>\n<p><span data-ccp-props=\"{&quot;201341983&quot;:0,&quot;335551550&quot;:6,&quot;335551620&quot;:6,&quot;335559739&quot;:384,&quot;335559740&quot;:240}\">\u00a0<\/span><\/p>\n<p>Su informaci\u00f3n se mantendr\u00e1 en nuestros registros durante 30 d\u00edas a partir de la fecha en que nos proporcion\u00f3 sus datos, despu\u00e9s procederemos a eliminar su informaci\u00f3n si no se llega a ninguna transacci\u00f3n comercial o v\u00ednculo laboral. Si usted se mantiene como cliente de\u00a0<b>VLH HERNANDEZ WEBER SC<\/b>\u00a0sus datos ser\u00e1n resguardados en nuestro sistema local de Administraci\u00f3n de clientes bajo medidas de seguridad inform\u00e1tica.<span data-ccp-props=\"{&quot;201341983&quot;:0,&quot;335551550&quot;:6,&quot;335551620&quot;:6,&quot;335559739&quot;:384,&quot;335559740&quot;:240}\">\u00a0<\/span><\/p>\n<p><b>\u00bfQu\u00e9 datos personales obtenemos y de d\u00f3nde?<\/b><span data-ccp-props=\"{&quot;201341983&quot;:0,&quot;335551550&quot;:6,&quot;335551620&quot;:6,&quot;335559739&quot;:160,&quot;335559740&quot;:240}\">\u00a0<\/span><\/p>\n<p>Para las finalidades se\u00f1aladas en el presente aviso de privacidad, podemos recabar sus datos personales de distintas formas: cuando usted nos los proporciona directamente,\u00a0cuando visita nuestro sitio de Internet o utiliza nuestros servicios en l\u00ednea, y cuando obtenemos informaci\u00f3n a trav\u00e9s de otras fuentes que est\u00e1n permitidas por la ley.<span data-ccp-props=\"{&quot;201341983&quot;:0,&quot;335551550&quot;:6,&quot;335551620&quot;:6,&quot;335559739&quot;:384,&quot;335559740&quot;:240}\">\u00a0<\/span><\/p>\n<p><b>Datos personales que recabamos de forma directa<\/b><span data-ccp-props=\"{&quot;201341983&quot;:0,&quot;335551550&quot;:6,&quot;335551620&quot;:6,&quot;335559739&quot;:160,&quot;335559740&quot;:240}\">\u00a0<\/span><\/p>\n<p>Recabamos sus datos personales de forma directa cuando usted mismo nos los proporciona por diversos medios, como cuando participa en nuestras promociones o nos da informaci\u00f3n con objeto de que le prestemos un servicio. Los datos que obtenemos por este medio pueden ser, entre otros: Formularios en papel que recopilan su informaci\u00f3n en Exposiciones, M\u00f3dulos de Ventas, Sucursales y otros. Por lo general es en Persona.<span data-ccp-props=\"{&quot;201341983&quot;:0,&quot;335551550&quot;:6,&quot;335551620&quot;:6,&quot;335559739&quot;:384,&quot;335559740&quot;:240}\">\u00a0<\/span><\/p>\n<p><b>Datos personales que recabamos por Internet<\/b><span data-ccp-props=\"{&quot;201341983&quot;:0,&quot;335551550&quot;:6,&quot;335551620&quot;:6,&quot;335559739&quot;:160,&quot;335559740&quot;:240}\">\u00a0<\/span><\/p>\n<p>Cuando visita nuestro sitio de Internet o utiliza nuestros servicios en l\u00ednea recabamos los datos de la siguiente manera: Formulario de Contacto con los siguientes datos: Nombre, Empresa, Tel\u00e9fono, correo electr\u00f3nico, Direcci\u00f3n, descripci\u00f3n del proyecto que usted desea realizar con nuestra empresa, forma de pago por nuestros servicios, datos fiscales en general, entre otros.<span data-ccp-props=\"{&quot;201341983&quot;:0,&quot;335551550&quot;:6,&quot;335551620&quot;:6,&quot;335559739&quot;:384,&quot;335559740&quot;:240}\">\u00a0<\/span><\/p>\n<p><b>Uso de cookies y aplicaciones de An\u00e1lisis de Datos.<\/b><span data-ccp-props=\"{&quot;201341983&quot;:0,&quot;335551550&quot;:6,&quot;335551620&quot;:6,&quot;335559739&quot;:160,&quot;335559740&quot;:240}\">\u00a0<\/span><\/p>\n<p>Las cookies son archivos de texto que son descargados autom\u00e1ticamente y almacenados en el disco duro del equipo de c\u00f3mputo del usuario al navegar en una p\u00e1gina de Internet espec\u00edfica, que permiten recordar al servidor de Internet algunos datos sobre este usuario, entre ellos, sus preferencias para la visualizaci\u00f3n de las paginas en ese servidor, nombre y contrase\u00f1a. Por su parte, las Aplicaciones de an\u00e1lisis de datos pueden ser utilizadas para monitorear el comportamiento de un visitante, como almacenar informaci\u00f3n sobre la direcci\u00f3n IP del usuario, duraci\u00f3n del tiempo de interacci\u00f3n en dicha p\u00e1gina y el tipo de navegador utilizado, entre otros.<span data-ccp-props=\"{&quot;201341983&quot;:0,&quot;335551550&quot;:6,&quot;335551620&quot;:6,&quot;335559739&quot;:384,&quot;335559740&quot;:240}\">\u00a0<\/span><\/p>\n<p>Le informamos que utilizamos cookies y Aplicaciones para An\u00e1lisis de Datos para obtener la siguiente informaci\u00f3n relacionada con la tecnolog\u00eda que utiliza para navegar nuestro sitio web, mantener una mejora constante y una mejor experiencia de uso: Direcci\u00f3n IP, Navegador de Internet, Sistema Operativo, Pa\u00eds de Origen, Sitio Web de Origen. Puede aprender a desactivar las Cookies y mejorar su privacidad\u00a0revisando la documentaci\u00f3n de su navegador, sistema operativo y\/o equipo de c\u00f3mputo.<span data-ccp-props=\"{&quot;201341983&quot;:0,&quot;335551550&quot;:6,&quot;335551620&quot;:6,&quot;335559739&quot;:384,&quot;335559740&quot;:240}\">\u00a0<\/span><\/p>\n<p><b>Datos personales sensibles<\/b><span data-ccp-props=\"{&quot;201341983&quot;:0,&quot;335551550&quot;:6,&quot;335551620&quot;:6,&quot;335559739&quot;:160,&quot;335559740&quot;:240}\">\u00a0<\/span><\/p>\n<p>Los servicios ofrecidos por nuestra empresa no\u00a0requieren informaci\u00f3n de datos sensibles, entendi\u00e9ndose por \u00e9stos mencionado en el\u00a0art\u00edculo tercero fracci\u00f3n VI\u00a0de la Ley Federal de Protecci\u00f3n de Datos Personales en Posesi\u00f3n de los Particulares.<span data-ccp-props=\"{&quot;201341983&quot;:0,&quot;335551550&quot;:6,&quot;335551620&quot;:6,&quot;335559739&quot;:384,&quot;335559740&quot;:240}\">\u00a0<\/span><\/p>\n<p><b>Compartir Datos con Terceros<\/b><span data-ccp-props=\"{&quot;201341983&quot;:0,&quot;335551550&quot;:6,&quot;335551620&quot;:6,&quot;335559739&quot;:160,&quot;335559740&quot;:240}\">\u00a0<\/span><\/p>\n<p>Nos comprometemos a no transferir su informaci\u00f3n personal a terceros sin su consentimiento, salvo las excepciones previstas en el art\u00edculo 37 de la Ley Federal de Protecci\u00f3n de Datos Personales en Posesi\u00f3n de los Particulares, as\u00ed\u0301 como a realizar esta transferencia en los t\u00e9rminos que fija esa ley. Si usted no manifiesta su oposici\u00f3n para que sus datos personales sean transferidos, se entender\u00e1\u0301 que ha otorgado su consentimiento para ello.<span data-ccp-props=\"{&quot;201341983&quot;:0,&quot;335551550&quot;:6,&quot;335551620&quot;:6,&quot;335559739&quot;:384,&quot;335559740&quot;:240}\">\u00a0<\/span><\/p>\n<p><b>Derechos ARCO<\/b><span data-ccp-props=\"{&quot;201341983&quot;:0,&quot;335551550&quot;:6,&quot;335551620&quot;:6,&quot;335559739&quot;:160,&quot;335559740&quot;:240}\">\u00a0<\/span><\/p>\n<p>Conforme a la Ley Federal de Protecci\u00f3n de Datos Personales en Posesi\u00f3n de Particulares, son los derechos que toda persona puede ejercer en relaci\u00f3n con el tratamiento de sus datos personales. Cada sigla representa un derecho diferente y son Acceso, Rectificaci\u00f3n, Cancelaci\u00f3n y Oposici\u00f3n.<span data-ccp-props=\"{&quot;201341983&quot;:0,&quot;335551550&quot;:6,&quot;335551620&quot;:6,&quot;335559739&quot;:384,&quot;335559740&quot;:240}\">\u00a0<\/span><\/p>\n<p>Usted puede dejar de recibir mensajes promocionales por tel\u00e9fono fijo o celular, asimismo, puede dejar de recibir correo postal publicitario, tambi\u00e9n puede dejar de recibir correos electr\u00f3nicos con promocionales.<span data-ccp-props=\"{&quot;201341983&quot;:0,&quot;335551550&quot;:6,&quot;335551620&quot;:6,&quot;335559739&quot;:384,&quot;335559740&quot;:240}\">\u00a0<\/span><\/p>\n<p>Usted tiene derecho a acceder a sus datos personales que poseemos y a los detalles del tratamiento de los mismos, as\u00ed como a rectificarlos en caso de ser inexactos o incompletos; cancelarlos cuando considere que no se requieren para alguna de las finalidades se\u00f1alados en el presente aviso de privacidad, est\u00e9n siendo utilizados para finalidades no consentidas o haya finalizado la relaci\u00f3n contractual o de servicio, o bien, oponerse al tratamiento de los mismos para fines espec\u00edficos.<span data-ccp-props=\"{&quot;201341983&quot;:0,&quot;335551550&quot;:6,&quot;335551620&quot;:6,&quot;335559739&quot;:384,&quot;335559740&quot;:240}\">\u00a0<\/span><\/p>\n<p>Usted podr\u00e1 en cualquier momento revocar el consentimiento que ha otorgado a\u00a0<b>VLH HERNANDEZ WEBER SC<\/b>, para el tratamiento de sus datos personales, limitar el uso o divulgaci\u00f3n de los mismos y ejercer sus Derechos ARCO previstos en la Ley, para ello, es necesario que realice su petici\u00f3n en la direcci\u00f3n electr\u00f3nica que proporcionamos y en un plazo m\u00e1ximo de M\u00e1ximo 10 d\u00edas h\u00e1biles d\u00edas atenderemos su petici\u00f3n y le informaremos sobre la procedencia de la misma a trav\u00e9s de un mensaje de correo electr\u00f3nico o el medio que nos indique. Para ejercer sus Derechos ARCO env\u00ede un mensaje a la direcci\u00f3n de correo:\u00a0<a href=\"mailto:privacidad@grupoadministrategia.com\">privacidad@grupoadministrategia.com<\/a><\/p>\n<p><b>Modificaciones al aviso de privacidad<\/b><span data-ccp-props=\"{&quot;201341983&quot;:0,&quot;335551550&quot;:6,&quot;335551620&quot;:6,&quot;335559739&quot;:160,&quot;335559740&quot;:240}\">\u00a0<\/span><\/p>\n<p>Nos reservamos el derecho de efectuar en cualquier momento modificaciones o actualizaciones al presente aviso de privacidad, para la atenci\u00f3n de novedades legislativas, pol\u00edticas internas o nuevos requerimientos para la prestaci\u00f3n u ofrecimiento de nuestros servicios o productos. Las modificaciones estar\u00e1n disponibles al p\u00fablico mediante: (i) anuncios visibles en nuestros establecimientos o centros de atenci\u00f3n a clientes; (ii) tr\u00edpticos o folletos disponibles en nuestros establecimientos o centros de atenci\u00f3n a clientes; (iii) en nuestra p\u00e1gina de Internet [secci\u00f3n aviso de privacidad]; (iv) o se las haremos llegar al \u00faltimo correo electr\u00f3nico que nos haya proporcionado.<span data-ccp-props=\"{&quot;201341983&quot;:0,&quot;335551550&quot;:6,&quot;335551620&quot;:6,&quot;335559739&quot;:160,&quot;335559740&quot;:240}\">\u00a0<\/span><\/p>\n<p><b>Propiedad Intelectual<\/b><span data-ccp-props=\"{&quot;201341983&quot;:0,&quot;335551550&quot;:6,&quot;335551620&quot;:6,&quot;335559739&quot;:160,&quot;335559740&quot;:240}\">\u00a0<\/span><\/p>\n<p>Todos\u00a0 los\u00a0 derechos\u00a0 de\u00a0 propiedad\u00a0 intelectual\u00a0 del\u00a0 contenido\u00a0 de\u00a0 este\u00a0 sitio\u00a0 Web\u00a0 y\u00a0 su dise\u00f1o gr\u00e1fico, son propiedad exclusiva del TITULAR y es a quien le corresponde el ejercicio exclusivo de los derechos de explotaci\u00f3n de los mismos.\u00a0<span data-ccp-props=\"{&quot;201341983&quot;:0,&quot;335551550&quot;:6,&quot;335551620&quot;:6,&quot;335559739&quot;:160,&quot;335559740&quot;:240}\">\u00a0<\/span><\/p>\n<p><b>\u00bfAnte qui\u00e9n puede presentar sus quejas y denuncias por el tratamiento indebido de sus datos personales?<\/b><span data-ccp-props=\"{&quot;201341983&quot;:0,&quot;335551550&quot;:6,&quot;335551620&quot;:6,&quot;335559739&quot;:160,&quot;335559740&quot;:240}\">\u00a0<\/span><\/p>\n<p>Si usted considera que su derecho de protecci\u00f3n de datos personales ha sido lesionado por alguna conducta de nuestros empleados o de nuestras actuaciones o respuestas, presume que en el tratamiento de sus datos personales existe alguna violaci\u00f3n a las disposiciones previstas en la Ley Federal de Protecci\u00f3n de Datos Personales en Posesi\u00f3n de los\u00a0Particulares, podr\u00e1 interponer la queja o denuncia correspondiente ante el IFAI, para mayor informaci\u00f3n visite\u00a0<a href=\"http:\/\/www.ifai.org.mx\/\">www.ifai.org.mx<\/a>.\u00a0<span data-ccp-props=\"{&quot;201341983&quot;:0,&quot;335551550&quot;:6,&quot;335551620&quot;:6,&quot;335559739&quot;:384,&quot;335559740&quot;:240}\">\u00a0<\/span><\/p>\n<p><b>Responsable de la Privacidad de los Datos<\/b><span data-ccp-props=\"{&quot;201341983&quot;:0,&quot;335551550&quot;:6,&quot;335551620&quot;:6,&quot;335559739&quot;:160,&quot;335559740&quot;:240}\">\u00a0<\/span><\/p>\n<p>Si tiene alguna duda, pregunta o queja, puede comunicarse con nuestro departamento de Privacidad, nuestro n\u00famero de tel\u00e9fono es (0155)\u00a03300 7300\u00a0ext.\u00a04445\u00a0y podemos ayudarle en un horario de 9.00 AM a 17.PM de Lunes a viernes. Ponemos a su disposici\u00f3n nuestra direcci\u00f3n electr\u00f3nica\u00a0<a href=\"mailto:privacidad@grupoadministrategia.com\">privacidad@grupoadministrategia.com\u00a0<\/a>todas sus preguntas ser\u00e1n respondidas, adem\u00e1s puede ejercer sus Derechos ARCO usando la aplicaci\u00f3n mencionada con anterioridad en este Aviso.<span data-ccp-props=\"{&quot;201341983&quot;:0,&quot;335551550&quot;:6,&quot;335551620&quot;:6,&quot;335559739&quot;:384,&quot;335559740&quot;:240}\">\u00a0<\/span><\/p>\n\t\t\t\t\t\t\t\t<\/div>\n\t\t\t\t<\/div>\n\t\t\t\t\t<\/div>\n\t\t<\/div>\n\t\t\t\t\t<\/div>\n\t\t<\/section>\n\t\t\t\t<\/div>\n\t\t","protected":false},"excerpt":{"rendered":"<p>Aviso de Privacidad VLH HERNANDEZ WEBER SC\u00a0\u00a0es responsable del tratamiento de los datos personales recabados en este sitio web y suscribe el presente aviso de privacidad en cumplimiento con la Ley Federal de Protecci\u00f3n de Datos Personales en Posesi\u00f3n de los Particulares. Los datos personales que usted nos ha proporcionado directamente o a trav\u00e9s de [&hellip;]<\/p>\n","protected":false},"author":1,"featured_media":0,"parent":0,"menu_order":0,"comment_status":"closed","ping_status":"closed","template":"","meta":{"_joinchat":[],"footnotes":""},"class_list":["post-3","page","type-page","status-publish","hentry"],"_links":{"self":[{"href":"https:\/\/vlh.mx\/english\/wp-json\/wp\/v2\/pages\/3","targetHints":{"allow":["GET"]}}],"collection":[{"href":"https:\/\/vlh.mx\/english\/wp-json\/wp\/v2\/pages"}],"about":[{"href":"https:\/\/vlh.mx\/english\/wp-json\/wp\/v2\/types\/page"}],"author":[{"embeddable":true,"href":"https:\/\/vlh.mx\/english\/wp-json\/wp\/v2\/users\/1"}],"replies":[{"embeddable":true,"href":"https:\/\/vlh.mx\/english\/wp-json\/wp\/v2\/comments?post=3"}],"version-history":[{"count":8,"href":"https:\/\/vlh.mx\/english\/wp-json\/wp\/v2\/pages\/3\/revisions"}],"predecessor-version":[{"id":8184,"href":"https:\/\/vlh.mx\/english\/wp-json\/wp\/v2\/pages\/3\/revisions\/8184"}],"wp:attachment":[{"href":"https:\/\/vlh.mx\/english\/wp-json\/wp\/v2\/media?parent=3"}],"curies":[{"name":"wp","href":"https:\/\/api.w.org\/{rel}","templated":true}]}}